{"id":6860,"date":"2023-11-29T12:14:51","date_gmt":"2023-11-29T12:14:51","guid":{"rendered":"https:\/\/turanfilmfestival.com\/ana\/"},"modified":"2023-11-29T12:30:57","modified_gmt":"2023-11-29T12:30:57","slug":"ana","status":"publish","type":"page","link":"https:\/\/turanfilmfestival.com\/en\/ana\/","title":{"rendered":"Ana"},"content":{"rendered":"<p>[vc_row full_width=&#8221;stretch_row&#8221; el_id=&#8221;home&#8221; css=&#8221;.vc_custom_1701257426982{margin-top: 0px !important;border-top-width: 0px !important;padding-top: 0px !important;background-color: #f3f4f6 !important;}&#8221;][vc_column css=&#8221;.vc_custom_1701257438705{margin-top: 0px !important;border-top-width: 0px !important;padding-top: 0px !important;}&#8221;][rev_slider_vc alias=&#8221;slider-1&#8243;][vc_row_inner css=&#8221;.vc_custom_1701252489090{background-color: #f3f4f6 !important;}&#8221;][vc_column_inner width=&#8221;1\/6&#8243;][\/vc_column_inner][vc_column_inner width=&#8221;2\/3&#8243;][vc_column_text css_animation=&#8221;bottom-to-top&#8221;]<\/p>\n<h3 style=\"text-align: left;\">HAKKI<span class=\"theme-underline\">MIZDA<\/span><\/h3>\n<p style=\"font-size: 18px; text-align: justify;\">Turan Film Festivali&#8217;nin amac\u0131, T\u00fcrk k\u00fclt\u00fcr\u00fc ve bu tarihi bir par\u00e7a olan T\u00fcrk devletlerini tan\u0131tmak, desteklemek ve bu topluluklar aras\u0131ndaki k\u00fclt\u00fcrel ba\u011flar aras\u0131nda \u00e7al\u0131\u015fmakt\u0131r. Bu festival, T\u00fcrk k\u00fclt\u00fcr\u00fcn\u00fcn zenginli\u011fini ve \u00e7e\u015fitlili\u011fini korumay\u0131 hedeflerken,<br \/>\nayn\u0131 zamanda T\u00fcrk devletlerinin ortak tarihini ve miras\u0131n\u0131 payla\u015fmaya odaklan\u0131yor.<\/p>\n<p style=\"font-size: 18px; text-align: justify;\">Turan Film Festivali, T\u00fcrk hik\u00e2yelerine ait eserlerin sergilendi\u011fi ve bu eserlerin di\u011fer T\u00fcrk devletleri ve topluluklar\u0131yla payla\u015f\u0131ld\u0131\u011f\u0131 bir platform olmay\u0131 ama\u00e7lamaktad\u0131r. Bu etkinlik, T\u00fcrk d\u00fcnyas\u0131n\u0131n ortak de\u011ferleri ve k\u00fclt\u00fcrel ba\u011flar\u0131n\u0131 vurgular ve bu ba\u011flar\u0131n daha fazla bilgiye ve takdirin ortaya \u00e7\u0131kmas\u0131na katk\u0131da bulunur. T\u00fcrk devletlerinin ve topluluklar\u0131n\u0131n k\u00fclt\u00fcrel \u00e7e\u015fitlili\u011fini ve zenginli\u011fini kutlar, ayn\u0131 zamanda birlikte \u00e7al\u0131\u015fma ve i\u015fbirli\u011fi f\u0131rsatlar\u0131 yarat\u0131r.<\/p>\n<p style=\"font-size: 18px; text-align: justify;\">Turan Film Festivali, T\u00fcrk k\u00fclt\u00fcr\u00fcn\u00fcn yan\u0131 s\u0131ra T\u00fcrk devletlerinin ve topluluklar\u0131n\u0131n kat\u0131l\u0131m\u0131n\u0131 te\u015fvik eder. Bu festival, bu gruplar\u0131n sanat\u00e7\u0131lar\u0131n\u0131, y\u00f6netmenlerini ve yap\u0131mc\u0131lar\u0131n\u0131 bir araya getirerek T\u00fcrk sinemas\u0131n\u0131n uluslararas\u0131 alanda daha fazla bilgiye ve T\u00fcrk k\u00fclt\u00fcr\u00fcn\u00fcn daha geni\u015f bir izleyici kitlesiyle payla\u015f\u0131lmas\u0131na yard\u0131mc\u0131 olur. Ayr\u0131ca, k\u00fclt\u00fcrel al\u0131\u015fveri\u015f ve i\u015fbirli\u011fi f\u0131rsatlar\u0131 sa\u011flayarak T\u00fcrk d\u00fcnyas\u0131n\u0131n bir arada olmas\u0131n\u0131 te\u015fvik eder.<\/p>\n<p>[\/vc_column_text][\/vc_column_inner][vc_column_inner width=&#8221;1\/6&#8243;][\/vc_column_inner][\/vc_row_inner][\/vc_column][\/vc_row][vc_row full_width=&#8221;stretch_row&#8221; css=&#8221;.vc_custom_1701253032757{background-color: #222222 !important;}&#8221;][vc_column][vc_custom_heading text=&#8221;BA\u015eVURU&#8221; font_container=&#8221;tag:h2|text_align:center|color:%23f2f2f2&#8243; use_theme_fonts=&#8221;yes&#8221;][vc_column_text css=&#8221;.vc_custom_1701260423916{padding-top: 30px !important;padding-bottom: 35px !important;}&#8221;]<a title=\"Click to submit on FilmFreeway\" href=\"https:\/\/filmfreeway.com\/festivals\/78253?utm_campaign=Uluslararas%C4%B1+Turan+Film+Festivali&amp;utm_medium=External&amp;utm_source=Submission+Button\" target=\"_blank\" rel=\"noopener\"><img loading=\"lazy\" decoding=\"async\" class=\"aligncenter\" title=\"Click to submit on FilmFreeway\" src=\"https:\/\/public-assets.filmfreeway.com\/submission_buttons\/v2\/med_submission_btn@2x-sky-gradient.png\" width=\"263\" height=\"102\" \/><\/a>[\/vc_column_text][\/vc_column][\/vc_row]<\/p>\n","protected":false},"excerpt":{"rendered":"<p>[vc_row full_width=&#8221;stretch_row&#8221; el_id=&#8221;home&#8221; css=&#8221;.vc_custom_1701257426982{margin-top: 0px !important;border-top-width: 0px !important;padding-top: 0px !important;background-color: #f3f4f6 !important;}&#8221;][vc_column css=&#8221;.vc_custom_1701257438705{margin-top: 0px !important;border-top-width: 0px !important;padding-top: 0px !important;}&#8221;][rev_slider_vc alias=&#8221;slider-1&#8243;][vc_row_inner css=&#8221;.vc_custom_1701252489090{background-color: #f3f4f6 !important;}&#8221;][vc_column_inner width=&#8221;1\/6&#8243;][\/vc_column_inner][vc_column_inner width=&#8221;2\/3&#8243;][vc_column_text css_animation=&#8221;bottom-to-top&#8221;] HAKKIMIZDA Turan Film Festivali&#8217;nin&#8230;<\/p>\n","protected":false},"author":1,"featured_media":0,"parent":0,"menu_order":0,"comment_status":"closed","ping_status":"closed","template":"","meta":{"footnotes":""},"class_list":["post-6860","page","type-page","status-publish","hentry"],"_links":{"self":[{"href":"https:\/\/turanfilmfestival.com\/en\/wp-json\/wp\/v2\/pages\/6860","targetHints":{"allow":["GET"]}}],"collection":[{"href":"https:\/\/turanfilmfestival.com\/en\/wp-json\/wp\/v2\/pages"}],"about":[{"href":"https:\/\/turanfilmfestival.com\/en\/wp-json\/wp\/v2\/types\/page"}],"author":[{"embeddable":true,"href":"https:\/\/turanfilmfestival.com\/en\/wp-json\/wp\/v2\/users\/1"}],"replies":[{"embeddable":true,"href":"https:\/\/turanfilmfestival.com\/en\/wp-json\/wp\/v2\/comments?post=6860"}],"version-history":[{"count":5,"href":"https:\/\/turanfilmfestival.com\/en\/wp-json\/wp\/v2\/pages\/6860\/revisions"}],"predecessor-version":[{"id":6874,"href":"https:\/\/turanfilmfestival.com\/en\/wp-json\/wp\/v2\/pages\/6860\/revisions\/6874"}],"wp:attachment":[{"href":"https:\/\/turanfilmfestival.com\/en\/wp-json\/wp\/v2\/media?parent=6860"}],"curies":[{"name":"wp","href":"https:\/\/api.w.org\/{rel}","templated":true}]}}